{"id":145767,"date":"2022-02-17T12:28:09","date_gmt":"2022-02-17T12:28:09","guid":{"rendered":"https:\/\/piledynamicstg.wpengine.com\/leadership\/"},"modified":"2024-06-07T20:45:29","modified_gmt":"2024-06-07T20:45:29","slug":"liderazgo","status":"publish","type":"page","link":"https:\/\/www.pile.com\/es\/quienes-somos\/liderazgo\/","title":{"rendered":"Liderazgo"},"content":{"rendered":"","protected":false},"excerpt":{"rendered":"","protected":false},"author":1,"featured_media":0,"parent":145776,"menu_order":0,"comment_status":"closed","ping_status":"closed","template":"","meta":{"_acf_changed":false,"content-type":"","footnotes":""},"class_list":["post-145767","page","type-page","status-publish","hentry"],"acf":[],"yoast_head":"<!-- This site is optimized with the Yoast SEO plugin v27.5 - https:\/\/yoast.com\/product\/yoast-seo-wordpress\/ -->\n<title>Liderazgo | Pile Dynamics<\/title>\n<meta name=\"description\" content=\"Obtenga m\u00e1s informaci\u00f3n sobre los miembros del equipo de liderazgo de PDI, l\u00edder mundial en garant\u00eda de calidad para cimientos profundos\" \/>\n<meta name=\"robots\" content=\"index, follow, max-snippet:-1, max-image-preview:large, max-video-preview:-1\" \/>\n<link rel=\"canonical\" href=\"https:\/\/www.pile.com\/es\/quienes-somos\/liderazgo\/\" \/>\n<meta property=\"og:locale\" content=\"es_ES\" \/>\n<meta property=\"og:type\" content=\"article\" \/>\n<meta property=\"og:title\" content=\"Liderazgo | Pile Dynamics\" \/>\n<meta property=\"og:description\" content=\"Obtenga m\u00e1s informaci\u00f3n sobre los miembros del equipo de liderazgo de PDI, l\u00edder mundial en garant\u00eda de calidad para cimientos profundos\" \/>\n<meta property=\"og:url\" content=\"https:\/\/www.pile.com\/es\/quienes-somos\/liderazgo\/\" \/>\n<meta property=\"og:site_name\" content=\"Pile Dynamics, Inc.\" \/>\n<meta property=\"article:modified_time\" content=\"2024-06-07T20:45:29+00:00\" \/>\n<meta name=\"twitter:card\" content=\"summary_large_image\" \/>\n<script type=\"application\/ld+json\" class=\"yoast-schema-graph\">{\"@context\":\"https:\\\/\\\/schema.org\",\"@graph\":[{\"@type\":\"WebPage\",\"@id\":\"https:\\\/\\\/www.pile.com\\\/es\\\/quienes-somos\\\/liderazgo\\\/\",\"url\":\"https:\\\/\\\/www.pile.com\\\/es\\\/quienes-somos\\\/liderazgo\\\/\",\"name\":\"Liderazgo | Pile Dynamics\",\"isPartOf\":{\"@id\":\"https:\\\/\\\/www.pile.com\\\/#website\"},\"datePublished\":\"2022-02-17T12:28:09+00:00\",\"dateModified\":\"2024-06-07T20:45:29+00:00\",\"description\":\"Obtenga m\u00e1s informaci\u00f3n sobre los miembros del equipo de liderazgo de PDI, l\u00edder mundial en garant\u00eda de calidad para cimientos profundos\",\"breadcrumb\":{\"@id\":\"https:\\\/\\\/www.pile.com\\\/es\\\/quienes-somos\\\/liderazgo\\\/#breadcrumb\"},\"inLanguage\":\"es\",\"potentialAction\":[{\"@type\":\"ReadAction\",\"target\":[\"https:\\\/\\\/www.pile.com\\\/es\\\/quienes-somos\\\/liderazgo\\\/\"]}]},{\"@type\":\"BreadcrumbList\",\"@id\":\"https:\\\/\\\/www.pile.com\\\/es\\\/quienes-somos\\\/liderazgo\\\/#breadcrumb\",\"itemListElement\":[{\"@type\":\"ListItem\",\"position\":1,\"name\":\"Home\",\"item\":\"https:\\\/\\\/www.pile.com\\\/es\\\/\"},{\"@type\":\"ListItem\",\"position\":2,\"name\":\"Quienes somos\",\"item\":\"https:\\\/\\\/www.pile.com\\\/es\\\/quienes-somos\\\/\"},{\"@type\":\"ListItem\",\"position\":3,\"name\":\"Liderazgo\"}]},{\"@type\":\"WebSite\",\"@id\":\"https:\\\/\\\/www.pile.com\\\/#website\",\"url\":\"https:\\\/\\\/www.pile.com\\\/\",\"name\":\"Pile Dynamics, Inc.\",\"description\":\"Deep Foundation Analysis Systems\",\"potentialAction\":[{\"@type\":\"SearchAction\",\"target\":{\"@type\":\"EntryPoint\",\"urlTemplate\":\"https:\\\/\\\/www.pile.com\\\/?s={search_term_string}\"},\"query-input\":{\"@type\":\"PropertyValueSpecification\",\"valueRequired\":true,\"valueName\":\"search_term_string\"}}],\"inLanguage\":\"es\"}]}<\/script>\n<!-- \/ Yoast SEO plugin. -->","yoast_head_json":{"title":"Liderazgo | Pile Dynamics","description":"Obtenga m\u00e1s informaci\u00f3n sobre los miembros del equipo de liderazgo de PDI, l\u00edder mundial en garant\u00eda de calidad para cimientos profundos","robots":{"index":"index","follow":"follow","max-snippet":"max-snippet:-1","max-image-preview":"max-image-preview:large","max-video-preview":"max-video-preview:-1"},"canonical":"https:\/\/www.pile.com\/es\/quienes-somos\/liderazgo\/","og_locale":"es_ES","og_type":"article","og_title":"Liderazgo | Pile Dynamics","og_description":"Obtenga m\u00e1s informaci\u00f3n sobre los miembros del equipo de liderazgo de PDI, l\u00edder mundial en garant\u00eda de calidad para cimientos profundos","og_url":"https:\/\/www.pile.com\/es\/quienes-somos\/liderazgo\/","og_site_name":"Pile Dynamics, Inc.","article_modified_time":"2024-06-07T20:45:29+00:00","twitter_card":"summary_large_image","schema":{"@context":"https:\/\/schema.org","@graph":[{"@type":"WebPage","@id":"https:\/\/www.pile.com\/es\/quienes-somos\/liderazgo\/","url":"https:\/\/www.pile.com\/es\/quienes-somos\/liderazgo\/","name":"Liderazgo | Pile Dynamics","isPartOf":{"@id":"https:\/\/www.pile.com\/#website"},"datePublished":"2022-02-17T12:28:09+00:00","dateModified":"2024-06-07T20:45:29+00:00","description":"Obtenga m\u00e1s informaci\u00f3n sobre los miembros del equipo de liderazgo de PDI, l\u00edder mundial en garant\u00eda de calidad para cimientos profundos","breadcrumb":{"@id":"https:\/\/www.pile.com\/es\/quienes-somos\/liderazgo\/#breadcrumb"},"inLanguage":"es","potentialAction":[{"@type":"ReadAction","target":["https:\/\/www.pile.com\/es\/quienes-somos\/liderazgo\/"]}]},{"@type":"BreadcrumbList","@id":"https:\/\/www.pile.com\/es\/quienes-somos\/liderazgo\/#breadcrumb","itemListElement":[{"@type":"ListItem","position":1,"name":"Home","item":"https:\/\/www.pile.com\/es\/"},{"@type":"ListItem","position":2,"name":"Quienes somos","item":"https:\/\/www.pile.com\/es\/quienes-somos\/"},{"@type":"ListItem","position":3,"name":"Liderazgo"}]},{"@type":"WebSite","@id":"https:\/\/www.pile.com\/#website","url":"https:\/\/www.pile.com\/","name":"Pile Dynamics, Inc.","description":"Deep Foundation Analysis Systems","potentialAction":[{"@type":"SearchAction","target":{"@type":"EntryPoint","urlTemplate":"https:\/\/www.pile.com\/?s={search_term_string}"},"query-input":{"@type":"PropertyValueSpecification","valueRequired":true,"valueName":"search_term_string"}}],"inLanguage":"es"}]}},"_links":{"self":[{"href":"https:\/\/www.pile.com\/es\/wp-json\/wp\/v2\/pages\/145767","targetHints":{"allow":["GET"]}}],"collection":[{"href":"https:\/\/www.pile.com\/es\/wp-json\/wp\/v2\/pages"}],"about":[{"href":"https:\/\/www.pile.com\/es\/wp-json\/wp\/v2\/types\/page"}],"author":[{"embeddable":true,"href":"https:\/\/www.pile.com\/es\/wp-json\/wp\/v2\/users\/1"}],"replies":[{"embeddable":true,"href":"https:\/\/www.pile.com\/es\/wp-json\/wp\/v2\/comments?post=145767"}],"version-history":[{"count":0,"href":"https:\/\/www.pile.com\/es\/wp-json\/wp\/v2\/pages\/145767\/revisions"}],"up":[{"embeddable":true,"href":"https:\/\/www.pile.com\/es\/wp-json\/wp\/v2\/pages\/145776"}],"wp:attachment":[{"href":"https:\/\/www.pile.com\/es\/wp-json\/wp\/v2\/media?parent=145767"}],"curies":[{"name":"wp","href":"https:\/\/api.w.org\/{rel}","templated":true}]}}