{"id":144158,"date":"2022-04-04T10:11:24","date_gmt":"2022-04-04T10:11:24","guid":{"rendered":"https:\/\/piledynamicstg.wpengine.com\/pdi-wave-demonstration-software\/"},"modified":"2023-05-16T15:18:54","modified_gmt":"2023-05-16T15:18:54","slug":"pdi-wave-demonstration-software","status":"publish","type":"page","link":"https:\/\/www.pile.com\/es\/recursos\/programa-de-demostracion\/pdi-wave-demonstration-software\/","title":{"rendered":"Software de demostraci\u00f3n PDI-Wave"},"content":{"rendered":"","protected":false},"excerpt":{"rendered":"","protected":false},"author":1,"featured_media":0,"parent":145796,"menu_order":0,"comment_status":"closed","ping_status":"closed","template":"","meta":{"_acf_changed":false,"content-type":"","footnotes":""},"class_list":["post-144158","page","type-page","status-publish","hentry"],"acf":[],"yoast_head":"<!-- This site is optimized with the Yoast SEO plugin v27.5 - https:\/\/yoast.com\/product\/yoast-seo-wordpress\/ -->\n<title>Software de demostraci\u00f3n PDI-Wave | Pile Dynamics<\/title>\n<meta name=\"description\" content=\"Este software de demostraci\u00f3n est\u00e1 disponible para modelar un impacto de ca\u00edda de peso y generar una onda de tensi\u00f3n. Descargue el software aqu\u00ed.\" \/>\n<meta name=\"robots\" content=\"index, follow, max-snippet:-1, max-image-preview:large, max-video-preview:-1\" \/>\n<link rel=\"canonical\" href=\"https:\/\/www.pile.com\/es\/recursos\/programa-de-demostracion\/pdi-wave-demonstration-software\/\" \/>\n<meta property=\"og:locale\" content=\"es_ES\" \/>\n<meta property=\"og:type\" content=\"article\" \/>\n<meta property=\"og:title\" content=\"Software de demostraci\u00f3n PDI-Wave | Pile Dynamics\" \/>\n<meta property=\"og:description\" content=\"Este software de demostraci\u00f3n est\u00e1 disponible para modelar un impacto de ca\u00edda de peso y generar una onda de tensi\u00f3n. Descargue el software aqu\u00ed.\" \/>\n<meta property=\"og:url\" content=\"https:\/\/www.pile.com\/es\/recursos\/programa-de-demostracion\/pdi-wave-demonstration-software\/\" \/>\n<meta property=\"og:site_name\" content=\"Pile Dynamics, Inc.\" \/>\n<meta property=\"article:modified_time\" content=\"2023-05-16T15:18:54+00:00\" \/>\n<meta name=\"twitter:card\" content=\"summary_large_image\" \/>\n<script type=\"application\/ld+json\" class=\"yoast-schema-graph\">{\"@context\":\"https:\\\/\\\/schema.org\",\"@graph\":[{\"@type\":\"WebPage\",\"@id\":\"https:\\\/\\\/www.pile.com\\\/es\\\/recursos\\\/programa-de-demostracion\\\/pdi-wave-demonstration-software\\\/\",\"url\":\"https:\\\/\\\/www.pile.com\\\/es\\\/recursos\\\/programa-de-demostracion\\\/pdi-wave-demonstration-software\\\/\",\"name\":\"Software de demostraci\u00f3n PDI-Wave | Pile Dynamics\",\"isPartOf\":{\"@id\":\"https:\\\/\\\/www.pile.com\\\/#website\"},\"datePublished\":\"2022-04-04T10:11:24+00:00\",\"dateModified\":\"2023-05-16T15:18:54+00:00\",\"description\":\"Este software de demostraci\u00f3n est\u00e1 disponible para modelar un impacto de ca\u00edda de peso y generar una onda de tensi\u00f3n. Descargue el software aqu\u00ed.\",\"breadcrumb\":{\"@id\":\"https:\\\/\\\/www.pile.com\\\/es\\\/recursos\\\/programa-de-demostracion\\\/pdi-wave-demonstration-software\\\/#breadcrumb\"},\"inLanguage\":\"es\",\"potentialAction\":[{\"@type\":\"ReadAction\",\"target\":[\"https:\\\/\\\/www.pile.com\\\/es\\\/recursos\\\/programa-de-demostracion\\\/pdi-wave-demonstration-software\\\/\"]}]},{\"@type\":\"BreadcrumbList\",\"@id\":\"https:\\\/\\\/www.pile.com\\\/es\\\/recursos\\\/programa-de-demostracion\\\/pdi-wave-demonstration-software\\\/#breadcrumb\",\"itemListElement\":[{\"@type\":\"ListItem\",\"position\":1,\"name\":\"Home\",\"item\":\"https:\\\/\\\/www.pile.com\\\/es\\\/\"},{\"@type\":\"ListItem\",\"position\":2,\"name\":\"Recursos\",\"item\":\"https:\\\/\\\/www.pile.com\\\/es\\\/recursos\\\/\"},{\"@type\":\"ListItem\",\"position\":3,\"name\":\"Programa de Demostraci\u00f3n\",\"item\":\"https:\\\/\\\/www.pile.com\\\/es\\\/recursos\\\/programa-de-demostracion\\\/\"},{\"@type\":\"ListItem\",\"position\":4,\"name\":\"Software de demostraci\u00f3n PDI-Wave\"}]},{\"@type\":\"WebSite\",\"@id\":\"https:\\\/\\\/www.pile.com\\\/#website\",\"url\":\"https:\\\/\\\/www.pile.com\\\/\",\"name\":\"Pile Dynamics, Inc.\",\"description\":\"Deep Foundation Analysis Systems\",\"potentialAction\":[{\"@type\":\"SearchAction\",\"target\":{\"@type\":\"EntryPoint\",\"urlTemplate\":\"https:\\\/\\\/www.pile.com\\\/?s={search_term_string}\"},\"query-input\":{\"@type\":\"PropertyValueSpecification\",\"valueRequired\":true,\"valueName\":\"search_term_string\"}}],\"inLanguage\":\"es\"}]}<\/script>\n<!-- \/ Yoast SEO plugin. -->","yoast_head_json":{"title":"Software de demostraci\u00f3n PDI-Wave | Pile Dynamics","description":"Este software de demostraci\u00f3n est\u00e1 disponible para modelar un impacto de ca\u00edda de peso y generar una onda de tensi\u00f3n. Descargue el software aqu\u00ed.","robots":{"index":"index","follow":"follow","max-snippet":"max-snippet:-1","max-image-preview":"max-image-preview:large","max-video-preview":"max-video-preview:-1"},"canonical":"https:\/\/www.pile.com\/es\/recursos\/programa-de-demostracion\/pdi-wave-demonstration-software\/","og_locale":"es_ES","og_type":"article","og_title":"Software de demostraci\u00f3n PDI-Wave | Pile Dynamics","og_description":"Este software de demostraci\u00f3n est\u00e1 disponible para modelar un impacto de ca\u00edda de peso y generar una onda de tensi\u00f3n. Descargue el software aqu\u00ed.","og_url":"https:\/\/www.pile.com\/es\/recursos\/programa-de-demostracion\/pdi-wave-demonstration-software\/","og_site_name":"Pile Dynamics, Inc.","article_modified_time":"2023-05-16T15:18:54+00:00","twitter_card":"summary_large_image","schema":{"@context":"https:\/\/schema.org","@graph":[{"@type":"WebPage","@id":"https:\/\/www.pile.com\/es\/recursos\/programa-de-demostracion\/pdi-wave-demonstration-software\/","url":"https:\/\/www.pile.com\/es\/recursos\/programa-de-demostracion\/pdi-wave-demonstration-software\/","name":"Software de demostraci\u00f3n PDI-Wave | Pile Dynamics","isPartOf":{"@id":"https:\/\/www.pile.com\/#website"},"datePublished":"2022-04-04T10:11:24+00:00","dateModified":"2023-05-16T15:18:54+00:00","description":"Este software de demostraci\u00f3n est\u00e1 disponible para modelar un impacto de ca\u00edda de peso y generar una onda de tensi\u00f3n. Descargue el software aqu\u00ed.","breadcrumb":{"@id":"https:\/\/www.pile.com\/es\/recursos\/programa-de-demostracion\/pdi-wave-demonstration-software\/#breadcrumb"},"inLanguage":"es","potentialAction":[{"@type":"ReadAction","target":["https:\/\/www.pile.com\/es\/recursos\/programa-de-demostracion\/pdi-wave-demonstration-software\/"]}]},{"@type":"BreadcrumbList","@id":"https:\/\/www.pile.com\/es\/recursos\/programa-de-demostracion\/pdi-wave-demonstration-software\/#breadcrumb","itemListElement":[{"@type":"ListItem","position":1,"name":"Home","item":"https:\/\/www.pile.com\/es\/"},{"@type":"ListItem","position":2,"name":"Recursos","item":"https:\/\/www.pile.com\/es\/recursos\/"},{"@type":"ListItem","position":3,"name":"Programa de Demostraci\u00f3n","item":"https:\/\/www.pile.com\/es\/recursos\/programa-de-demostracion\/"},{"@type":"ListItem","position":4,"name":"Software de demostraci\u00f3n PDI-Wave"}]},{"@type":"WebSite","@id":"https:\/\/www.pile.com\/#website","url":"https:\/\/www.pile.com\/","name":"Pile Dynamics, Inc.","description":"Deep Foundation Analysis Systems","potentialAction":[{"@type":"SearchAction","target":{"@type":"EntryPoint","urlTemplate":"https:\/\/www.pile.com\/?s={search_term_string}"},"query-input":{"@type":"PropertyValueSpecification","valueRequired":true,"valueName":"search_term_string"}}],"inLanguage":"es"}]}},"_links":{"self":[{"href":"https:\/\/www.pile.com\/es\/wp-json\/wp\/v2\/pages\/144158","targetHints":{"allow":["GET"]}}],"collection":[{"href":"https:\/\/www.pile.com\/es\/wp-json\/wp\/v2\/pages"}],"about":[{"href":"https:\/\/www.pile.com\/es\/wp-json\/wp\/v2\/types\/page"}],"author":[{"embeddable":true,"href":"https:\/\/www.pile.com\/es\/wp-json\/wp\/v2\/users\/1"}],"replies":[{"embeddable":true,"href":"https:\/\/www.pile.com\/es\/wp-json\/wp\/v2\/comments?post=144158"}],"version-history":[{"count":0,"href":"https:\/\/www.pile.com\/es\/wp-json\/wp\/v2\/pages\/144158\/revisions"}],"up":[{"embeddable":true,"href":"https:\/\/www.pile.com\/es\/wp-json\/wp\/v2\/pages\/145796"}],"wp:attachment":[{"href":"https:\/\/www.pile.com\/es\/wp-json\/wp\/v2\/media?parent=144158"}],"curies":[{"name":"wp","href":"https:\/\/api.w.org\/{rel}","templated":true}]}}